{"id":5,"date":"2025-12-02T06:11:49","date_gmt":"2025-12-02T06:11:49","guid":{"rendered":"https:\/\/56win01.xyz\/?page_id=5"},"modified":"2025-12-02T06:12:18","modified_gmt":"2025-12-02T06:12:18","slug":"56win01-link-vao-chinh-thuc-bao-mat-cao-choi-muot-24-7","status":"publish","type":"page","link":"https:\/\/56win01.xyz\/","title":{"rendered":"56win01 \u2013 Link V\u00e0o Ch\u00ednh Th\u1ee9c, B\u1ea3o M\u1eadt Cao, Ch\u01a1i M\u01b0\u1ee3t 24\/7"},"content":{"rendered":"\n<h1 class=\"wp-block-heading has-text-align-center\">56win01 \u2013 Link V\u00e0o Ch\u00ednh Th\u1ee9c, B\u1ea3o M\u1eadt Cao, Ch\u01a1i M\u01b0\u1ee3t 24\/7<\/h1>\n\n\n\n<div class=\"wp-block-buttons is-content-justification-center is-layout-flex wp-container-core-buttons-is-layout-16018d1d wp-block-buttons-is-layout-flex\">\n<div class=\"wp-block-button is-style-fill\"><a class=\"wp-block-button__link has-mercury-white-color has-mercury-alizarin-background-color has-text-color has-background has-link-color wp-element-button\" href=\"https:\/\/appvn.fun\/i9bet0208\" target=\"_blank\" rel=\"noreferrer noopener nofollow\">\u0110\u0103ng k\u00fd +150K<\/a><\/div>\n\n\n\n<div class=\"wp-block-button is-style-fill\"><a class=\"wp-block-button__link has-mercury-white-color has-mercury-alizarin-background-color has-text-color has-background has-link-color wp-element-button\" href=\"https:\/\/appvn.fun\/i9bet0208\" target=\"_blank\" rel=\"noreferrer noopener nofollow\">i9BET +150K<\/a><\/div>\n<\/div>\n\n\n\n<figure class=\"wp-block-image alignwide size-large\"><img loading=\"lazy\" decoding=\"async\" width=\"1024\" height=\"465\" src=\"https:\/\/56win01.xyz\/wp-content\/uploads\/2025\/12\/snapedit_1764654661660-1024x465.jpeg\" alt=\"\" class=\"wp-image-6\" srcset=\"https:\/\/56win01.xyz\/wp-content\/uploads\/2025\/12\/snapedit_1764654661660-1024x465.jpeg 1024w, https:\/\/56win01.xyz\/wp-content\/uploads\/2025\/12\/snapedit_1764654661660-300x136.jpeg 300w, https:\/\/56win01.xyz\/wp-content\/uploads\/2025\/12\/snapedit_1764654661660-768x348.jpeg 768w, https:\/\/56win01.xyz\/wp-content\/uploads\/2025\/12\/snapedit_1764654661660-88x40.jpeg 88w, https:\/\/56win01.xyz\/wp-content\/uploads\/2025\/12\/snapedit_1764654661660-71x32.jpeg 71w, https:\/\/56win01.xyz\/wp-content\/uploads\/2025\/12\/snapedit_1764654661660-176x80.jpeg 176w, https:\/\/56win01.xyz\/wp-content\/uploads\/2025\/12\/snapedit_1764654661660-298x135.jpeg 298w, https:\/\/56win01.xyz\/wp-content\/uploads\/2025\/12\/snapedit_1764654661660.jpeg 1080w\" sizes=\"auto, (max-width: 1024px) 100vw, 1024px\" \/><\/figure>\n","protected":false},"excerpt":{"rendered":"<p>56win01 \u2013 Link V\u00e0o Ch\u00ednh Th\u1ee9c, B\u1ea3o M\u1eadt Cao, Ch\u01a1i M\u01b0\u1ee3t 24\/7<\/p>\n","protected":false},"author":1,"featured_media":6,"parent":0,"menu_order":0,"comment_status":"closed","ping_status":"closed","template":"page-without-title.php","meta":{"footnotes":""},"class_list":["post-5","page","type-page","status-publish","has-post-thumbnail","hentry"],"_links":{"self":[{"href":"https:\/\/56win01.xyz\/index.php\/wp-json\/wp\/v2\/pages\/5","targetHints":{"allow":["GET"]}}],"collection":[{"href":"https:\/\/56win01.xyz\/index.php\/wp-json\/wp\/v2\/pages"}],"about":[{"href":"https:\/\/56win01.xyz\/index.php\/wp-json\/wp\/v2\/types\/page"}],"author":[{"embeddable":true,"href":"https:\/\/56win01.xyz\/index.php\/wp-json\/wp\/v2\/users\/1"}],"replies":[{"embeddable":true,"href":"https:\/\/56win01.xyz\/index.php\/wp-json\/wp\/v2\/comments?post=5"}],"version-history":[{"count":1,"href":"https:\/\/56win01.xyz\/index.php\/wp-json\/wp\/v2\/pages\/5\/revisions"}],"predecessor-version":[{"id":7,"href":"https:\/\/56win01.xyz\/index.php\/wp-json\/wp\/v2\/pages\/5\/revisions\/7"}],"wp:featuredmedia":[{"embeddable":true,"href":"https:\/\/56win01.xyz\/index.php\/wp-json\/wp\/v2\/media\/6"}],"wp:attachment":[{"href":"https:\/\/56win01.xyz\/index.php\/wp-json\/wp\/v2\/media?parent=5"}],"curies":[{"name":"wp","href":"https:\/\/api.w.org\/{rel}","templated":true}]}}